{"id":1390,"date":"2022-04-21T11:26:01","date_gmt":"2022-04-21T11:26:01","guid":{"rendered":"https:\/\/diariododigital.com\/index.php\/home-2\/"},"modified":"2023-05-29T09:08:16","modified_gmt":"2023-05-29T12:08:16","slug":"home-2","status":"publish","type":"page","link":"https:\/\/diariododigital.com\/","title":{"rendered":"In\u00edcio"},"content":{"rendered":"\n<div class=\"wp-block-uagb-container uagb-block-28ddba48 alignfull uagb-is-root-container\"><div class=\"uagb-container-inner-blocks-wrap\">\n<div class=\"wp-block-uagb-container uagb-block-47c45a4b\">\n<div class=\"wp-block-uagb-info-box uagb-block-929ece73 uagb-infobox__content-wrap  uagb-infobox-icon-above-title uagb-infobox-image-valign-top\"><div class=\"uagb-ifb-content\"><div class=\"uagb-ifb-title-wrap\"><span class=\"uagb-ifb-title-prefix\">RECEITAS. BRINCADEIRAS. CUIDADOS.<\/span><h1 class=\"uagb-ifb-title\">Aqui voc\u00ea encontra tudo para o seu beb\u00ea<\/h1><\/div><p class=\"uagb-ifb-desc\">Bem-vindos ao nosso cantinho m\u00e1gico, onde compartilhamos dicas, hist\u00f3rias ador\u00e1veis e conselhos preciosos para tornar a jornada da maternidade\/paternidade ainda mais especial. Abrace conosco esse mundo de amor, descobertas e crescimento, e embarque nessa aventura inesquec\u00edvel com seu beb\u00ea!<\/p><\/div><\/div>\n\n\n\n<div class=\"wp-block-uagb-container uagb-block-fe2e72b1\">\n<div class=\"wp-block-uagb-container uagb-block-95a637df\">\n<div class=\"wp-block-uagb-buttons uagb-buttons__outer-wrap uagb-btn__default-btn uagb-btn-tablet__default-btn uagb-btn-mobile__default-btn uagb-block-8b644ae1\"><div class=\"uagb-buttons__wrap uagb-buttons-layout-wrap\">\n<div class=\"wp-block-uagb-buttons-child uagb-buttons__outer-wrap uagb-block-4f5d3d8e wp-block-button is-style-outline\"><div class=\"uagb-button__wrapper\"><a class=\"uagb-buttons-repeater wp-block-button__link has-text-color\" href=\"https:\/\/diariododigital.com\/index.php\/receitasbebes\/\" onclick=\"return true;\" rel=\"follow noopener\" target=\"_self\"><div class=\"uagb-button__link\">Baixe nosso E-book<\/div><\/a><\/div><\/div>\n<\/div><\/div>\n<\/div>\n\n\n\n<div class=\"wp-block-uagb-container uagb-block-2d87a00f\">\n<div class=\"wp-block-uagb-star-rating uagb-block-2555a92b\"><div class=\"uag-star-rating\" title=\"5\/5\"><span class=\"uag-star\">\u2605<\/span><span class=\"uag-star\">\u2605<\/span><span class=\"uag-star\">\u2605<\/span><span class=\"uag-star\">\u2605<\/span><span class=\"uag-star\">\u2605<\/span><\/div><\/div>\n\n\n\n<div class=\"wp-block-uagb-advanced-heading uagb-block-9272de09\"><p class=\"uagb-heading-text\">4.8 nossa nota de aprova\u00e7\u00e3o<\/p><\/div>\n<\/div>\n<\/div>\n<\/div>\n\n\n\n<div class=\"wp-block-uagb-container uagb-block-342e98b5\">\n<figure class=\"wp-block-image size-large alignright\"><img decoding=\"async\" width=\"1024\" height=\"1024\" src=\"https:\/\/diariododigital.com\/wp-content\/uploads\/2023\/05\/Design-sem-nome-1024x1024.png\" alt=\"\" class=\"wp-image-2631\" srcset=\"https:\/\/diariododigital.com\/wp-content\/uploads\/2023\/05\/Design-sem-nome-1024x1024.png 1024w, https:\/\/diariododigital.com\/wp-content\/uploads\/2023\/05\/Design-sem-nome-300x300.png 300w, https:\/\/diariododigital.com\/wp-content\/uploads\/2023\/05\/Design-sem-nome-150x150.png 150w, https:\/\/diariododigital.com\/wp-content\/uploads\/2023\/05\/Design-sem-nome-768x768.png 768w, https:\/\/diariododigital.com\/wp-content\/uploads\/2023\/05\/Design-sem-nome.png 1080w\" sizes=\"(max-width: 1024px) 100vw, 1024px\" \/><\/figure>\n<\/div>\n<\/div><\/div>\n\n\n\n<div class=\"wp-block-uagb-container uagb-block-66506b73 alignfull uagb-is-root-container\"><div class=\"uagb-container-inner-blocks-wrap\">\n<div class=\"wp-block-uagb-container uagb-block-d8a76985\">\n<div class=\"wp-block-uagb-image uagb-block-35047028 wp-block-uagb-image--layout-default wp-block-uagb-image--effect-static wp-block-uagb-image--align-none\"><figure class=\"wp-block-uagb-image__figure\"><img decoding=\"async\" srcset=\"https:\/\/diariododigital.com\/wp-content\/uploads\/2023\/05\/bebe_comer_sozinho.webp \" sizes=\"(max-width: 480px) 150px\" src=\"https:\/\/diariododigital.com\/wp-content\/uploads\/2023\/05\/bebe_comer_sozinho.webp\" alt=\"\" class=\"uag-image-2632\" width=\"600\" height=\"400\" title=\"\" loading=\"lazy\"\/><\/figure><\/div>\n<\/div>\n\n\n\n<div class=\"wp-block-uagb-container uagb-block-2a5c839c\">\n<div class=\"wp-block-columns is-layout-flex wp-container-core-columns-layout-1 wp-block-columns-is-layout-flex\">\n<div class=\"wp-block-column is-layout-flow wp-block-column-is-layout-flow\" style=\"flex-basis:100%\">\n<div class=\"wp-block-uagb-info-box uagb-block-2828d9f3 uagb-infobox__content-wrap  uagb-infobox-icon-above-title uagb-infobox-image-valign-top\"><div class=\"uagb-ifb-content\"><div class=\"uagb-ifb-icon-wrap\"><svg xmlns=\"https:\/\/www.w3.org\/2000\/svg\" viewBox=\"0 0 512 512\"><path d=\"M0 256C0 114.6 114.6 0 256 0C397.4 0 512 114.6 512 256C512 397.4 397.4 512 256 512C114.6 512 0 397.4 0 256zM371.8 211.8C382.7 200.9 382.7 183.1 371.8 172.2C360.9 161.3 343.1 161.3 332.2 172.2L224 280.4L179.8 236.2C168.9 225.3 151.1 225.3 140.2 236.2C129.3 247.1 129.3 264.9 140.2 275.8L204.2 339.8C215.1 350.7 232.9 350.7 243.8 339.8L371.8 211.8z\"><\/path><\/svg><\/div><div class=\"uagb-ifb-title-wrap\"><span class=\"uagb-ifb-title-prefix\">Quem somos n\u00f3s?<\/span><h2 class=\"uagb-ifb-title\">Somos um time de pais, especialistas e entusiastas da maternidade\/paternidade.<\/h2><\/div><p class=\"uagb-ifb-desc\">Nosso objetivo \u00e9 oferecer um espa\u00e7o acolhedor e informativo, compartilhando experi\u00eancias, dicas valiosas e inspira\u00e7\u00f5es para ajudar os pais a aproveitarem ao m\u00e1ximo essa jornada. Valorizamos a comunidade e buscamos criar um ambiente de conex\u00e3o e apoio m\u00fatuo. Nossa equipe traz conhecimentos diversificados e estamos comprometidos em ser uma fonte confi\u00e1vel de informa\u00e7\u00e3o e suporte para os pais. Junte-se a n\u00f3s e descubra o encanto da maternidade\/paternidade atrav\u00e9s dos olhos de quem vive essa experi\u00eancia diariamente.<\/p><\/div><\/div>\n<\/div>\n<\/div>\n<\/div>\n<\/div><\/div>\n\n\n\n<div class=\"wp-block-uagb-container uagb-block-2d3bb963 alignfull uagb-is-root-container\"><div class=\"uagb-container-inner-blocks-wrap\">\n<div class=\"wp-block-uagb-container uagb-block-68674bbb\">\n<div class=\"wp-block-uagb-image alignleft uagb-block-bd59fb6f wp-block-uagb-image--layout-default wp-block-uagb-image--effect-static wp-block-uagb-image--align-left\"><figure class=\"wp-block-uagb-image__figure\"><img decoding=\"async\" srcset=\"http:\/\/diariododigital.com\/wp-content\/uploads\/2022\/04\/day-care-head-of-school.jpg \" sizes=\"(max-width: 480px) 150px\" src=\"http:\/\/diariododigital.com\/wp-content\/uploads\/2022\/04\/day-care-head-of-school.jpg\" alt=\"\" class=\"uag-image-1523\" width=\"320\" height=\"440\" title=\"\" loading=\"lazy\"\/><\/figure><\/div>\n<\/div>\n\n\n\n<div class=\"wp-block-uagb-container uagb-block-6b2338cb\">\n<div class=\"wp-block-uagb-info-box uagb-block-8114ba05 uagb-infobox__content-wrap  uagb-infobox-icon-above-title uagb-infobox-image-valign-top\"><div class=\"uagb-ifb-content\"><div class=\"uagb-ifb-icon-wrap\"><svg xmlns=\"https:\/\/www.w3.org\/2000\/svg\" viewBox=\"0 0 448 512\"><path d=\"M96 224C84.72 224 74.05 226.3 64 229.9V224c0-35.3 28.7-64 64-64c17.67 0 32-14.33 32-32S145.7 96 128 96C57.42 96 0 153.4 0 224v96c0 53.02 42.98 96 96 96s96-42.98 96-96S149 224 96 224zM352 224c-11.28 0-21.95 2.305-32 5.879V224c0-35.3 28.7-64 64-64c17.67 0 32-14.33 32-32s-14.33-32-32-32c-70.58 0-128 57.42-128 128v96c0 53.02 42.98 96 96 96s96-42.98 96-96S405 224 352 224z\"><\/path><\/svg><\/div><div class=\"uagb-ifb-title-wrap\"><p class=\"uagb-ifb-title\">Agrade\u00e7o profundamente por ter tido a oportunidade de conhecer o incr\u00edvel blog di\u00e1rio do digital. Seu conte\u00fado inspirador e informativo tem sido uma fonte inestim\u00e1vel de orienta\u00e7\u00e3o e apoio em minha jornada como m\u00e3e. A sensa\u00e7\u00e3o de comunidade e a qualidade excepcional de suas postagens s\u00e3o not\u00e1veis. Agrade\u00e7o sinceramente por todo o trabalho dedicado em fornecer recursos valiosos para as m\u00e3es. <br><br>Sheila Pereira<\/p><\/div><\/div><\/div>\n<\/div>\n<\/div><\/div>\n\n\n\n<div class=\"wp-block-uagb-container uagb-block-c0e8acf5 alignfull uagb-is-root-container\"><div class=\"uagb-container-inner-blocks-wrap\">\n<div class=\"wp-block-uagb-advanced-heading uagb-block-d47a3037\"><h6 class=\"uagb-heading-text\">O que as mam\u00e3es dizem dos nossos e-books<\/h6><\/div>\n\n\n\n<div class=\"wp-block-uagb-container uagb-block-6d3d2f6a\">\n<div class=\"wp-block-uagb-container uagb-block-c0346786\">\n<div class=\"wp-block-uagb-image uagb-block-cf400b12 wp-block-uagb-image--layout-default wp-block-uagb-image--effect-static wp-block-uagb-image--align-none\"><figure class=\"wp-block-uagb-image__figure\"><img decoding=\"async\" srcset=\"https:\/\/diariododigital.com\/wp-content\/uploads\/2023\/05\/Design-sem-nome-1-1024x1024.png \" sizes=\"(max-width: 480px) 150px\" src=\"https:\/\/diariododigital.com\/wp-content\/uploads\/2023\/05\/Design-sem-nome-1-1024x1024.png\" alt=\"\" class=\"uag-image-2648\" width=\"1024\" height=\"1024\" title=\"\" loading=\"lazy\"\/><\/figure><\/div>\n<\/div>\n\n\n\n<div class=\"wp-block-uagb-container uagb-block-d4ea462e\">\n<div class=\"wp-block-uagb-info-box uagb-block-411ceeb8 uagb-infobox__content-wrap  uagb-infobox-icon-above-title uagb-infobox-image-valign-top\"><div class=\"uagb-ifb-content\"><div class=\"uagb-ifb-icon-wrap\"><svg xmlns=\"https:\/\/www.w3.org\/2000\/svg\" viewBox=\"0 0 448 512\"><path d=\"M96 224C84.72 224 74.05 226.3 64 229.9V224c0-35.3 28.7-64 64-64c17.67 0 32-14.33 32-32S145.7 96 128 96C57.42 96 0 153.4 0 224v96c0 53.02 42.98 96 96 96s96-42.98 96-96S149 224 96 224zM352 224c-11.28 0-21.95 2.305-32 5.879V224c0-35.3 28.7-64 64-64c17.67 0 32-14.33 32-32s-14.33-32-32-32c-70.58 0-128 57.42-128 128v96c0 53.02 42.98 96 96 96s96-42.98 96-96S405 224 352 224z\"><\/path><\/svg><\/div><div class=\"uagb-ifb-title-wrap\"><p class=\"uagb-ifb-title\">Este Ebook \u00e9 um recurso indispens\u00e1vel para pais que desejam proporcionar uma alimenta\u00e7\u00e3o equilibrada e nutritiva para seus filhos, sem abrir m\u00e3o do sabor e da divers\u00e3o. Ao investir neste ebook, voc\u00ea estar\u00e1 investindo no bem-estar e na sa\u00fade de sua fam\u00edlia, criando h\u00e1bitos alimentares saud\u00e1veis que durar\u00e3o a vida toda. As pessoas que compram n\u00e3o se arrependem, temos as melhores receitinhas para seus beb\u00eas, al\u00e9m de b\u00f4nus exclusivos.<\/p><\/div><\/div><\/div>\n<\/div>\n<\/div>\n<\/div><\/div>\n","protected":false},"excerpt":{"rendered":"<p>4.8 nossa nota de aprova\u00e7\u00e3o O que as mam\u00e3es dizem dos nossos e-books<\/p>\n","protected":false},"author":2,"featured_media":0,"parent":0,"menu_order":0,"comment_status":"closed","ping_status":"closed","template":"","meta":{"_uag_custom_page_level_css":"","site-sidebar-layout":"no-sidebar","site-content-layout":"page-builder","ast-global-header-display":"","ast-banner-title-visibility":"","ast-main-header-display":"","ast-hfb-above-header-display":"","ast-hfb-below-header-display":"","ast-hfb-mobile-header-display":"","site-post-title":"disabled","ast-breadcrumbs-content":"","ast-featured-img":"disabled","footer-sml-layout":"","theme-transparent-header-meta":"enabled","adv-header-id-meta":"","stick-header-meta":"","header-above-stick-meta":"","header-main-stick-meta":"","header-below-stick-meta":"","footnotes":""},"uagb_featured_image_src":{"full":false,"thumbnail":false,"medium":false,"medium_large":false,"large":false,"1536x1536":false,"2048x2048":false},"uagb_author_info":{"display_name":"Ulisses Coelho","author_link":"https:\/\/diariododigital.com\/index.php\/author\/ulisses\/"},"uagb_comment_info":0,"uagb_excerpt":"4.8 nossa nota de aprova\u00e7\u00e3o O que as mam\u00e3es dizem dos nossos e-books","_links":{"self":[{"href":"https:\/\/diariododigital.com\/index.php\/wp-json\/wp\/v2\/pages\/1390"}],"collection":[{"href":"https:\/\/diariododigital.com\/index.php\/wp-json\/wp\/v2\/pages"}],"about":[{"href":"https:\/\/diariododigital.com\/index.php\/wp-json\/wp\/v2\/types\/page"}],"author":[{"embeddable":true,"href":"https:\/\/diariododigital.com\/index.php\/wp-json\/wp\/v2\/users\/2"}],"replies":[{"embeddable":true,"href":"https:\/\/diariododigital.com\/index.php\/wp-json\/wp\/v2\/comments?post=1390"}],"version-history":[{"count":0,"href":"https:\/\/diariododigital.com\/index.php\/wp-json\/wp\/v2\/pages\/1390\/revisions"}],"wp:attachment":[{"href":"https:\/\/diariododigital.com\/index.php\/wp-json\/wp\/v2\/media?parent=1390"}],"curies":[{"name":"wp","href":"https:\/\/api.w.org\/{rel}","templated":true}]}}