{"id":2691,"date":"2023-06-03T14:23:26","date_gmt":"2023-06-03T17:23:26","guid":{"rendered":"https:\/\/diariododigital.com\/?page_id=2691"},"modified":"2023-06-03T14:30:01","modified_gmt":"2023-06-03T17:30:01","slug":"quem-somos","status":"publish","type":"page","link":"https:\/\/diariododigital.com\/index.php\/quem-somos\/","title":{"rendered":"Quem somos"},"content":{"rendered":"\n<p class=\"has-medium-font-size\">Bem-vindo(a) \u00e0 nossa aba &#8220;Quem Somos&#8221;!<\/p>\n\n\n\n<p>Neste cantinho especial do nosso blog, queremos compartilhar um pouco sobre quem somos e nossa paix\u00e3o por beb\u00eas. Somos um grupo de entusiastas, formado por pais, m\u00e3es e profissionais dedicados ao universo dos pequenos.<\/p>\n\n\n\n<p>Nosso objetivo \u00e9 fornecer um espa\u00e7o acolhedor e informativo para todos os pais e m\u00e3es que est\u00e3o embarcando na maravilhosa jornada da parentalidade. Sabemos que essa fase traz alegrias, desafios e descobertas emocionantes, e estamos aqui para oferecer suporte e compartilhar experi\u00eancias.<\/p>\n\n\n\n<p>Acreditamos na import\u00e2ncia de proporcionar informa\u00e7\u00f5es confi\u00e1veis, dicas pr\u00e1ticas e orienta\u00e7\u00f5es embasadas, com o objetivo de auxiliar os pais na cria\u00e7\u00e3o de um ambiente seguro, saud\u00e1vel e amoroso para seus beb\u00eas. Valorizamos a individualidade de cada crian\u00e7a, entendendo que cada uma delas \u00e9 \u00fanica e tem seu pr\u00f3prio ritmo de desenvolvimento.<\/p>\n\n\n\n<p>Nossa equipe \u00e9 composta por profissionais especializados em diversas \u00e1reas relacionadas ao cuidado com beb\u00eas, incluindo pediatria, psicologia infantil, nutri\u00e7\u00e3o, educa\u00e7\u00e3o e muito mais. Com base em nosso conhecimento e experi\u00eancia, buscamos trazer conte\u00fado relevante e atualizado, abordando desde quest\u00f5es pr\u00e1ticas do dia a dia at\u00e9 t\u00f3picos mais abrangentes sobre o crescimento e o desenvolvimento dos beb\u00eas.<\/p>\n\n\n\n<p>Al\u00e9m disso, valorizamos a participa\u00e7\u00e3o ativa da nossa comunidade de leitores. Estamos sempre abertos a sugest\u00f5es, perguntas e hist\u00f3rias compartilhadas pelos pais e m\u00e3es que nos acompanham. Acreditamos que a troca de experi\u00eancias \u00e9 enriquecedora e pode fortalecer os la\u00e7os entre os pais, al\u00e9m de oferecer suporte emocional em momentos desafiadores.<\/p>\n\n\n\n<p>Estamos muito felizes em t\u00ea-lo(a) como parte da nossa comunidade. Esperamos que voc\u00ea encontre inspira\u00e7\u00e3o, orienta\u00e7\u00e3o e, acima de tudo, um espa\u00e7o onde se sinta acolhido(a) e motivado(a) na incr\u00edvel jornada da cria\u00e7\u00e3o de um beb\u00ea. Sinta-se \u00e0 vontade para explorar nosso blog, ler nossos artigos e interagir conosco. Estamos aqui para apoi\u00e1-lo(a) em cada passo dessa maravilhosa aventura da maternidade\/paternidade.<\/p>\n\n\n\n<p class=\"has-small-font-size\"><strong>Seja bem-vindo(a) \u00e0 nossa fam\u00edlia virtual!<\/strong><\/p>\n\n\n\n<figure class=\"wp-block-image size-full is-resized\"><img decoding=\"async\" src=\"https:\/\/diariododigital.com\/wp-content\/uploads\/2023\/06\/pai-mae-bebe-silhuetas-feliz-familia-700-86075506.jpg\" alt=\"\" class=\"wp-image-2696\" width=\"245\" height=\"248\" srcset=\"https:\/\/diariododigital.com\/wp-content\/uploads\/2023\/06\/pai-mae-bebe-silhuetas-feliz-familia-700-86075506.jpg 639w, https:\/\/diariododigital.com\/wp-content\/uploads\/2023\/06\/pai-mae-bebe-silhuetas-feliz-familia-700-86075506-297x300.jpg 297w\" sizes=\"(max-width: 245px) 100vw, 245px\" \/><\/figure>\n","protected":false},"excerpt":{"rendered":"<p>Bem-vindo(a) \u00e0 nossa aba &#8220;Quem Somos&#8221;! Neste cantinho especial do nosso blog, queremos compartilhar um pouco sobre quem somos e nossa paix\u00e3o por beb\u00eas. Somos um grupo de entusiastas, formado por pais, m\u00e3es e profissionais dedicados ao universo dos pequenos. Nosso objetivo \u00e9 fornecer um espa\u00e7o acolhedor e informativo para todos os pais e m\u00e3es &hellip;<\/p>\n<p class=\"read-more\"> <a class=\"\" href=\"https:\/\/diariododigital.com\/index.php\/quem-somos\/\"> <span class=\"screen-reader-text\">Quem somos<\/span> Leia mais &raquo;<\/a><\/p>\n","protected":false},"author":2,"featured_media":0,"parent":0,"menu_order":0,"comment_status":"closed","ping_status":"closed","template":"","meta":{"_uag_custom_page_level_css":"","site-sidebar-layout":"default","site-content-layout":"default","ast-global-header-display":"","ast-banner-title-visibility":"","ast-main-header-display":"","ast-hfb-above-header-display":"","ast-hfb-below-header-display":"","ast-hfb-mobile-header-display":"","site-post-title":"","ast-breadcrumbs-content":"","ast-featured-img":"","footer-sml-layout":"","theme-transparent-header-meta":"","adv-header-id-meta":"","stick-header-meta":"","header-above-stick-meta":"","header-main-stick-meta":"","header-below-stick-meta":"","footnotes":""},"uagb_featured_image_src":{"full":false,"thumbnail":false,"medium":false,"medium_large":false,"large":false,"1536x1536":false,"2048x2048":false},"uagb_author_info":{"display_name":"Ulisses Coelho","author_link":"https:\/\/diariododigital.com\/index.php\/author\/ulisses\/"},"uagb_comment_info":0,"uagb_excerpt":"Bem-vindo(a) \u00e0 nossa aba &#8220;Quem Somos&#8221;! Neste cantinho especial do nosso blog, queremos compartilhar um pouco sobre quem somos e nossa paix\u00e3o por beb\u00eas. Somos um grupo de entusiastas, formado por pais, m\u00e3es e profissionais dedicados ao universo dos pequenos. Nosso objetivo \u00e9 fornecer um espa\u00e7o acolhedor e informativo para todos os pais e m\u00e3es&hellip;","_links":{"self":[{"href":"https:\/\/diariododigital.com\/index.php\/wp-json\/wp\/v2\/pages\/2691"}],"collection":[{"href":"https:\/\/diariododigital.com\/index.php\/wp-json\/wp\/v2\/pages"}],"about":[{"href":"https:\/\/diariododigital.com\/index.php\/wp-json\/wp\/v2\/types\/page"}],"author":[{"embeddable":true,"href":"https:\/\/diariododigital.com\/index.php\/wp-json\/wp\/v2\/users\/2"}],"replies":[{"embeddable":true,"href":"https:\/\/diariododigital.com\/index.php\/wp-json\/wp\/v2\/comments?post=2691"}],"version-history":[{"count":0,"href":"https:\/\/diariododigital.com\/index.php\/wp-json\/wp\/v2\/pages\/2691\/revisions"}],"wp:attachment":[{"href":"https:\/\/diariododigital.com\/index.php\/wp-json\/wp\/v2\/media?parent=2691"}],"curies":[{"name":"wp","href":"https:\/\/api.w.org\/{rel}","templated":true}]}}